{"id":37682,"date":"2023-08-28T19:36:59","date_gmt":"2023-08-28T16:36:59","guid":{"rendered":"https:\/\/lx24.lv\/produkts\/propane-butane-gas-hose-8-mm\/"},"modified":"2024-09-24T12:01:38","modified_gmt":"2024-09-24T12:01:38","slug":"propane-butane-gas-hose-8-mm","status":"publish","type":"product","link":"https:\/\/armass.eu\/en\/produkts\/propane-butane-gas-hose-8-mm\/","title":{"rendered":"Propane-butane gas hose 1m\/8mm"},"content":{"rendered":"<h3 style=\"text-align: center;\">Prop\u0101na-but\u0101na g\u0101zes \u0161\u013c\u016btene 1m\/8 mm<\/h3>\n<p> The hose is made of high quality materials and is very flexible and pressure-resistant. It can withstand the stresses of operation and ensures a long service life. Hose for PB.  <strong>Characteristics:<\/strong><\/p>\n<ul>\n<li><strong>Diameter:<\/strong> 8 mm<\/li>\n<li><strong>Weight:<\/strong> 250 g\/1 m<\/li>\n<\/ul>\n","protected":false},"excerpt":{"rendered":"<p>The hose is made of high quality materials and is very flexible and pressure-resistant.<\/p>\n","protected":false},"featured_media":41975,"template":"","meta":[],"product_brand":[],"product_cat":[267,266],"product_tag":[],"class_list":{"0":"post-37682","1":"product","2":"type-product","3":"status-publish","4":"has-post-thumbnail","6":"product_cat-gas-accessories","7":"product_cat-gas-burners-devices","8":"product_shipping_class-small-pack-can-be-packed-with-another","10":"first","11":"instock","12":"taxable","13":"shipping-taxable","14":"purchasable","15":"product-type-simple"},"_links":{"self":[{"href":"https:\/\/armass.eu\/en\/wp-json\/wp\/v2\/product\/37682","targetHints":{"allow":["GET"]}}],"collection":[{"href":"https:\/\/armass.eu\/en\/wp-json\/wp\/v2\/product"}],"about":[{"href":"https:\/\/armass.eu\/en\/wp-json\/wp\/v2\/types\/product"}],"version-history":[{"count":0,"href":"https:\/\/armass.eu\/en\/wp-json\/wp\/v2\/product\/37682\/revisions"}],"wp:featuredmedia":[{"embeddable":true,"href":"https:\/\/armass.eu\/en\/wp-json\/wp\/v2\/media\/41975"}],"wp:attachment":[{"href":"https:\/\/armass.eu\/en\/wp-json\/wp\/v2\/media?parent=37682"}],"wp:term":[{"taxonomy":"product_brand","embeddable":true,"href":"https:\/\/armass.eu\/en\/wp-json\/wp\/v2\/product_brand?post=37682"},{"taxonomy":"product_cat","embeddable":true,"href":"https:\/\/armass.eu\/en\/wp-json\/wp\/v2\/product_cat?post=37682"},{"taxonomy":"product_tag","embeddable":true,"href":"https:\/\/armass.eu\/en\/wp-json\/wp\/v2\/product_tag?post=37682"}],"curies":[{"name":"wp","href":"https:\/\/api.w.org\/{rel}","templated":true}]}}