{"id":71357,"date":"2025-07-08T14:43:04","date_gmt":"2025-07-08T11:43:04","guid":{"rendered":"https:\/\/armass.eu\/?post_type=product&#038;p=71357"},"modified":"2025-07-08T14:43:04","modified_gmt":"2025-07-08T11:43:04","slug":"grill-mangal-with-barbecue-lid-and-shelves","status":"publish","type":"product","link":"https:\/\/armass.eu\/en\/produkts\/grill-mangal-with-barbecue-lid-and-shelves\/","title":{"rendered":"Grill-mangal with barbecue lid and shelves"},"content":{"rendered":"<h3 style=\"text-align: center;\">Grill-mangal with barbecue lid and shelves<\/h3>\n<p>This barbecue grill is made of <strong>3 mm thick steel sheet<\/strong>, ensuring even heat distribution and durability. A <strong>barbecue lid<\/strong> is available, which simply fits over the grill \u2014 helping to retain the smoke aroma and heat. There is a shelf for barbecue tools at the front, a tray shelf at the bottom and a firewood shelf for convenient storage of firewood. The grilling area of <strong>1000 \u00d7 350 \u00d7 150 mm<\/strong> allows you to cook <strong>up to 20 skewers<\/strong> at a time. Ideal for BBQ parties and family picnics in the garden or on the terrace.   <\/p>\n<p data-start=\"0\" data-end=\"38\"><strong data-start=\"0\" data-end=\"36\">Main features:<\/strong><\/p>\n<ul>\n<li data-start=\"26\" data-end=\"195\"><strong data-start=\"26\" data-end=\"86\">3 mm thick steel walls with ribs up to 6 mm thick<\/strong> \u2014 ensures even heat distribution and stable grilling, while extending the service life of the barbecue;<\/li>\n<li data-start=\"26\" data-end=\"195\"><strong data-start=\"198\" data-end=\"246\">Sienu pastiprin\u0101jums ar 12 mm kvadr\u0101tcauruli<\/strong> \u2014 palielina konstrukcijas iztur\u012bbu un notur formu temperat\u016bras sv\u0101rst\u012bbu ietekm\u0113;<\/li>\n<li data-start=\"26\" data-end=\"195\"><strong data-start=\"333\" data-end=\"359\">Removable barbecue lid<\/strong> \u2014 easy to place on the grill, helps keep the smoky flavour;<\/li>\n<li data-start=\"26\" data-end=\"195\"><strong data-start=\"428\" data-end=\"447\">Cauldron stand<\/strong> \u2014 ensures safe and stable positioning of the cauldron;<\/li>\n<li data-start=\"26\" data-end=\"195\"><strong data-start=\"501\" data-end=\"527\">Heat protection plate<\/strong> \u2014 deflects excess heat and protects the grilling area;<\/li>\n<li data-start=\"26\" data-end=\"195\"><strong data-start=\"585\" data-end=\"622\">Two-level skewer placement<\/strong> \u2014 the option to place the skewers higher or lower depending on cooking requirements;<\/li>\n<li data-start=\"26\" data-end=\"195\"><strong data-start=\"707\" data-end=\"746\">Front and bottom shelves<\/strong> \u2014 for convenient storage of tools, food and accessories;<\/li>\n<li data-start=\"26\" data-end=\"195\"><strong data-start=\"806\" data-end=\"824\">Firewood shelf<\/strong>\u2014for storing extra fuel for the barbecue;<\/li>\n<li data-start=\"26\" data-end=\"195\"><strong data-start=\"874\" data-end=\"913\">Grilling area 1000 \u00d7 350 \u00d7 150 mm<\/strong> \u2014 large enough to cook up to 20 skewers at once.<\/li>\n<\/ul>\n<table style=\"height: 548px;\" width=\"674\">\n<thead>\n<tr>\n<th>Parameter<\/th>\n<th>Value<\/th>\n<\/tr>\n<\/thead>\n<tbody>\n<tr>\n<td>Work surface length<\/td>\n<td>1000 mm<\/td>\n<\/tr>\n<tr>\n<td>Work surface width<\/td>\n<td>350 mm<\/td>\n<\/tr>\n<tr>\n<td>Work surface depth (height)<\/td>\n<td>150 mm<\/td>\n<\/tr>\n<tr>\n<td>Capacity (for skewers)<\/td>\n<td>16-20<\/td>\n<\/tr>\n<tr>\n<td>Metal thickness<\/td>\n<td>3 mm (base walls with reinforcement)<\/td>\n<\/tr>\n<tr>\n<td>Wall reinforcement<\/td>\n<td>up to 6 mm (with additional layers)<\/td>\n<\/tr>\n<tr>\n<td>Square tube for fastening<\/td>\n<td>12 mm section<\/td>\n<\/tr>\n<tr>\n<td>Barbecue lid<\/td>\n<td>removable, non-airtight<\/td>\n<\/tr>\n<tr>\n<td>Stand for cauldron<\/td>\n<td>Yes<\/td>\n<\/tr>\n<tr>\n<td>Thermal protection plate<\/td>\n<td>Yes<\/td>\n<\/tr>\n<tr>\n<td>Front shelf<\/td>\n<td>Yes<\/td>\n<\/tr>\n<tr>\n<td>Lower shelf<\/td>\n<td>Yes<\/td>\n<\/tr>\n<tr>\n<td>Firewood shelf<\/td>\n<td>Yes<\/td>\n<\/tr>\n<tr>\n<td>Dimensions<\/td>\n<td>1200 x 600 x 1100 mm<\/td>\n<\/tr>\n<tr>\n<td>Working height (with feet)<\/td>\n<td>900 mm<\/td>\n<\/tr>\n<tr>\n<td>Material<\/td>\n<td>steel<\/td>\n<\/tr>\n<\/tbody>\n<\/table>\n","protected":false},"excerpt":{"rendered":"<p>Grill-barbecue made of <strong>3 mm steel<\/strong> with removable barbecue lid, front shelf, lower tray shelf and firewood shelf. The grilling area is designed for <strong>20 skewers<\/strong>. <\/p>\n","protected":false},"featured_media":71333,"template":"","meta":[],"product_brand":[],"product_cat":[251,252,250],"product_tag":[],"class_list":{"0":"post-71357","1":"product","2":"type-product","3":"status-publish","4":"has-post-thumbnail","6":"product_cat-charcoal-grills-with-lid","7":"product_cat-mangals","8":"product_cat-mangals-and-grills","10":"first","11":"instock","12":"taxable","13":"shipping-taxable","14":"purchasable","15":"product-type-simple"},"_links":{"self":[{"href":"https:\/\/armass.eu\/en\/wp-json\/wp\/v2\/product\/71357","targetHints":{"allow":["GET"]}}],"collection":[{"href":"https:\/\/armass.eu\/en\/wp-json\/wp\/v2\/product"}],"about":[{"href":"https:\/\/armass.eu\/en\/wp-json\/wp\/v2\/types\/product"}],"version-history":[{"count":1,"href":"https:\/\/armass.eu\/en\/wp-json\/wp\/v2\/product\/71357\/revisions"}],"predecessor-version":[{"id":71358,"href":"https:\/\/armass.eu\/en\/wp-json\/wp\/v2\/product\/71357\/revisions\/71358"}],"wp:featuredmedia":[{"embeddable":true,"href":"https:\/\/armass.eu\/en\/wp-json\/wp\/v2\/media\/71333"}],"wp:attachment":[{"href":"https:\/\/armass.eu\/en\/wp-json\/wp\/v2\/media?parent=71357"}],"wp:term":[{"taxonomy":"product_brand","embeddable":true,"href":"https:\/\/armass.eu\/en\/wp-json\/wp\/v2\/product_brand?post=71357"},{"taxonomy":"product_cat","embeddable":true,"href":"https:\/\/armass.eu\/en\/wp-json\/wp\/v2\/product_cat?post=71357"},{"taxonomy":"product_tag","embeddable":true,"href":"https:\/\/armass.eu\/en\/wp-json\/wp\/v2\/product_tag?post=71357"}],"curies":[{"name":"wp","href":"https:\/\/api.w.org\/{rel}","templated":true}]}}